{"id":2896,"date":"2026-02-15T08:19:47","date_gmt":"2026-02-15T08:19:47","guid":{"rendered":"http:\/\/lbc-kunst.de\/?page_id=2896"},"modified":"2026-02-15T08:37:19","modified_gmt":"2026-02-15T08:37:19","slug":"impressum","status":"publish","type":"page","link":"https:\/\/lbc-kunst.de\/ro\/impressum\/","title":{"rendered":"IMPRESSUM"},"content":{"rendered":"<div data-elementor-type=\"wp-page\" data-elementor-id=\"2896\" class=\"elementor elementor-2896\">\n\t\t\t\t<div class=\"elementor-element elementor-element-69de8c0 e-flex e-con-boxed wpr-particle-no wpr-sticky-section-no wpr-equal-height-no e-con e-parent\" data-id=\"69de8c0\" data-element_type=\"container\" data-e-type=\"container\" data-settings=\"{&quot;background_background&quot;:&quot;classic&quot;}\">\n\t\t\t\t\t<div class=\"e-con-inner\">\n\t\t\t\t<div class=\"elementor-element elementor-element-53e8d7b elementor-widget elementor-widget-heading\" data-id=\"53e8d7b\" data-element_type=\"widget\" data-e-type=\"widget\" data-widget_type=\"heading.default\">\n\t\t\t\t\t<h1 class=\"elementor-heading-title elementor-size-default\">IMPRESSUM<\/h1>\t\t\t\t<\/div>\n\t\t\t\t<div class=\"elementor-element elementor-element-2757b43 elementor-widget-divider--view-line elementor-widget elementor-widget-divider\" data-id=\"2757b43\" data-element_type=\"widget\" data-e-type=\"widget\" data-widget_type=\"divider.default\">\n\t\t\t\t\t\t\t<div class=\"elementor-divider\">\n\t\t\t<span class=\"elementor-divider-separator\">\n\t\t\t\t\t\t<\/span>\n\t\t<\/div>\n\t\t\t\t\t\t<\/div>\n\t\t\t\t\t<\/div>\n\t\t\t\t<\/div>\n\t\t<div class=\"elementor-element elementor-element-3d79615 e-flex e-con-boxed wpr-particle-no wpr-sticky-section-no wpr-equal-height-no e-con e-parent\" data-id=\"3d79615\" data-element_type=\"container\" data-e-type=\"container\">\n\t\t\t\t\t<div class=\"e-con-inner\">\n\t\t\t\t<div class=\"elementor-element elementor-element-87671e8 elementor-view-default elementor-position-block-start elementor-mobile-position-block-start elementor-widget elementor-widget-icon-box\" data-id=\"87671e8\" data-element_type=\"widget\" data-e-type=\"widget\" data-widget_type=\"icon-box.default\">\n\t\t\t\t\t\t\t<div class=\"elementor-icon-box-wrapper\">\n\n\t\t\t\t\t\t<div class=\"elementor-icon-box-icon\">\n\t\t\t\t<a href=\"http:\/\/lbc-kunst.de\/ro\/\" class=\"elementor-icon\" tabindex=\"-1\">\n\t\t\t\t<svg aria-hidden=\"true\" class=\"e-font-icon-svg e-fas-arrow-left\" viewbox=\"0 0 448 512\" xmlns=\"http:\/\/www.w3.org\/2000\/svg\"><path d=\"M257.5 445.1l-22.2 22.2c-9.4 9.4-24.6 9.4-33.9 0L7 273c-9.4-9.4-9.4-24.6 0-33.9L201.4 44.7c9.4-9.4 24.6-9.4 33.9 0l22.2 22.2c9.5 9.5 9.3 25-.4 34.3L136.6 216H424c13.3 0 24 10.7 24 24v32c0 13.3-10.7 24-24 24H136.6l120.5 114.8c9.8 9.3 10 24.8.4 34.3z\"><\/path><\/svg>\t\t\t\t<\/a>\n\t\t\t<\/div>\n\t\t\t\n\t\t\t\n\t\t<\/div>\n\t\t\t\t\t\t<\/div>\n\t\t\t\t\t<\/div>\n\t\t\t\t<\/div>\n\t\t<div class=\"elementor-element elementor-element-6abecf7 e-flex e-con-boxed wpr-particle-no wpr-sticky-section-no wpr-equal-height-no e-con e-parent\" data-id=\"6abecf7\" data-element_type=\"container\" data-e-type=\"container\" data-settings=\"{&quot;background_background&quot;:&quot;classic&quot;}\">\n\t\t\t\t\t<div class=\"e-con-inner\">\n\t\t<div class=\"elementor-element elementor-element-73f75eb e-con-full e-flex wpr-particle-no wpr-sticky-section-no wpr-equal-height-no e-con e-child\" data-id=\"73f75eb\" data-element_type=\"container\" data-e-type=\"container\" data-settings=\"{&quot;background_background&quot;:&quot;classic&quot;}\">\n\t\t\t\t<div class=\"elementor-element elementor-element-7ef7f79 elementor-widget__width-inherit elementor-widget elementor-widget-heading\" data-id=\"7ef7f79\" data-element_type=\"widget\" data-e-type=\"widget\" data-widget_type=\"heading.default\">\n\t\t\t\t\t<h2 class=\"elementor-heading-title elementor-size-default\">Lucian Binder-Catana\n<\/h2>\t\t\t\t<\/div>\n\t\t\t\t<div class=\"elementor-element elementor-element-39b8b47 elementor-widget__width-inherit elementor-widget elementor-widget-heading\" data-id=\"39b8b47\" data-element_type=\"widget\" data-e-type=\"widget\" data-widget_type=\"heading.default\">\n\t\t\t\t\t<h2 class=\"elementor-heading-title elementor-size-default\">Bildende K\u00fcnstler<\/h2>\t\t\t\t<\/div>\n\t\t\t\t<div class=\"elementor-element elementor-element-344c09c elementor-widget__width-inherit elementor-widget elementor-widget-heading\" data-id=\"344c09c\" data-element_type=\"widget\" data-e-type=\"widget\" data-widget_type=\"heading.default\">\n\t\t\t\t\t<h2 class=\"elementor-heading-title elementor-size-default\">\nLederergasse 6<br>\n85088 Vohburg<br>\nTelefon: 08457-93 67 78 0<br>\ninfo@lucian-art.de<br>\nwww.lbc-kunst.de<br>\n<\/h2>\t\t\t\t<\/div>\n\t\t\t\t<div class=\"elementor-element elementor-element-1f9ff84 elementor-widget__width-initial elementor-widget elementor-widget-text-editor\" data-id=\"1f9ff84\" data-element_type=\"widget\" data-e-type=\"widget\" data-widget_type=\"text-editor.default\">\n\t\t\t\t\t\t\t\t\t<section class=\"elementor-section elementor-top-section elementor-element elementor-element-afe9079 elementor-section-boxed elementor-section-height-default elementor-section-height-default\" data-particle_enable=\"false\" data-particle-mobile-disabled=\"false\" data-id=\"afe9079\" data-element_type=\"section\"><div class=\"elementor-container elementor-column-gap-default\"><div class=\"elementor-column elementor-col-66 elementor-top-column elementor-element elementor-element-68d6cb5\" data-id=\"68d6cb5\" data-element_type=\"column\"><div class=\"elementor-widget-wrap elementor-element-populated\"><div class=\"elementor-element elementor-element-8dc8ec3 elementor-widget elementor-widget-text-editor\" data-id=\"8dc8ec3\" data-element_type=\"widget\" data-widget_type=\"text-editor.default\"><div class=\"elementor-widget-container\"><div id=\"pu384080-4\" class=\"clearfix grpelem\"><div id=\"u384684-41\" class=\"clearfix colelem shared_content\" data-content-guid=\"u384684-41_content\"><p><strong>Rechtlicher Hinweis<\/strong><\/p><p id=\"u384684-32\">Lucian Binder-Catana pr\u00fcft und aktualisiert die Informationen auf ihren Webseiten st\u00e4ndig. Trotz aller Sorgfalt k\u00f6nnen sich Daten und Informationen jeglicher Art inzwischen ver\u00e4ndert haben. Eine Haftung, Garantie oder sonstiges Einstehen f\u00fcr die Aktualit\u00e4t, Richtigkeit und Vollst\u00e4ndigkeit der zur Verf\u00fcgung gestellten Informationen kann daher nicht \u00fcbernommen werden.<\/p><p id=\"u384684-37\">Gleiches gilt auch f\u00fcr alle anderen Webseiten, auf die direkt mittels Hyperlink oder in sonstiger\u00a0 Weise verwiesen wird.\u00a0 Lucian Binder-Catana ist f\u00fcr den Inhalt der Webseiten, die aufgrund einer solchen Verbindung oder Hinweis erreicht werden, nicht verantwortlich.<span id=\"u384684-36\"><\/span><\/p><p id=\"u384684-39\"><span id=\"u384684-38\" class=\"SUBHEAD\">Alle eingetragenen Marken und Bezeichnungen sind Eigentum der jeweiligen Inhaber. Das Kopieren bzw. die Nutzung von Inhalten, auch in Ausz\u00fcgen, bedarf der schriftlichen Genehmigung von Lucian Binder-Catana .<\/span><\/p><\/div><\/div><\/div><\/div><\/div><\/div><\/div><\/section>\t\t\t\t\t\t\t\t<\/div>\n\t\t\t\t<\/div>\n\t\t\t\t\t<\/div>\n\t\t\t\t<\/div>\n\t\t\t\t<\/div>","protected":false},"excerpt":{"rendered":"<p>IMPRESSUM Lucian Binder-Catana Bildende K\u00fcnstler Lederergasse 6 85088 Vohburg Telefon: 08457-93 67 78 0 info@lucian-art.de www.lbc-kunst.de Rechtlicher Hinweis Lucian Binder-Catana pr\u00fcft und aktualisiert die Informationen auf ihren Webseiten st\u00e4ndig. Trotz aller Sorgfalt k\u00f6nnen sich Daten und Informationen jeglicher Art inzwischen ver\u00e4ndert haben. Eine Haftung, Garantie oder sonstiges Einstehen f\u00fcr die Aktualit\u00e4t, Richtigkeit und Vollst\u00e4ndigkeit der zur Verf\u00fcgung gestellten Informationen kann daher nicht \u00fcbernommen werden. Gleiches gilt auch f\u00fcr alle anderen Webseiten, auf die direkt mittels Hyperlink oder in sonstiger\u00a0 Weise verwiesen wird.\u00a0 Lucian Binder-Catana ist f\u00fcr den Inhalt der Webseiten, die aufgrund einer solchen Verbindung oder Hinweis erreicht werden, nicht verantwortlich. Alle eingetragenen Marken und Bezeichnungen sind Eigentum der jeweiligen Inhaber. Das Kopieren bzw. die Nutzung von Inhalten, auch in Ausz\u00fcgen, bedarf der schriftlichen Genehmigung von Lucian Binder-Catana .<\/p>","protected":false},"author":1,"featured_media":0,"parent":0,"menu_order":0,"comment_status":"closed","ping_status":"closed","template":"","meta":{"_surecart_dashboard_logo_width":"180px","_surecart_dashboard_show_logo":true,"_surecart_dashboard_navigation_orders":true,"_surecart_dashboard_navigation_invoices":true,"_surecart_dashboard_navigation_subscriptions":true,"_surecart_dashboard_navigation_downloads":true,"_surecart_dashboard_navigation_billing":true,"_surecart_dashboard_navigation_account":true,"site-sidebar-layout":"no-sidebar","site-content-layout":"","ast-site-content-layout":"full-width-container","site-content-style":"default","site-sidebar-style":"default","ast-global-header-display":"","ast-banner-title-visibility":"","ast-main-header-display":"","ast-hfb-above-header-display":"","ast-hfb-below-header-display":"","ast-hfb-mobile-header-display":"","site-post-title":"disabled","ast-breadcrumbs-content":"","ast-featured-img":"disabled","footer-sml-layout":"","ast-disable-related-posts":"","theme-transparent-header-meta":"enabled","adv-header-id-meta":"","stick-header-meta":"","header-above-stick-meta":"","header-main-stick-meta":"","header-below-stick-meta":"","astra-migrate-meta-layouts":"default","ast-page-background-enabled":"default","ast-page-background-meta":{"desktop":{"background-color":"var(--ast-global-color-4)","background-image":"","background-repeat":"repeat","background-position":"center center","background-size":"auto","background-attachment":"scroll","background-type":"","background-media":"","overlay-type":"","overlay-color":"","overlay-opacity":"","overlay-gradient":""},"tablet":{"background-color":"","background-image":"","background-repeat":"repeat","background-position":"center center","background-size":"auto","background-attachment":"scroll","background-type":"","background-media":"","overlay-type":"","overlay-color":"","overlay-opacity":"","overlay-gradient":""},"mobile":{"background-color":"","background-image":"","background-repeat":"repeat","background-position":"center center","background-size":"auto","background-attachment":"scroll","background-type":"","background-media":"","overlay-type":"","overlay-color":"","overlay-opacity":"","overlay-gradient":""}},"ast-content-background-meta":{"desktop":{"background-color":"var(--ast-global-color-5)","background-image":"","background-repeat":"repeat","background-position":"center center","background-size":"auto","background-attachment":"scroll","background-type":"","background-media":"","overlay-type":"","overlay-color":"","overlay-opacity":"","overlay-gradient":""},"tablet":{"background-color":"var(--ast-global-color-5)","background-image":"","background-repeat":"repeat","background-position":"center center","background-size":"auto","background-attachment":"scroll","background-type":"","background-media":"","overlay-type":"","overlay-color":"","overlay-opacity":"","overlay-gradient":""},"mobile":{"background-color":"var(--ast-global-color-5)","background-image":"","background-repeat":"repeat","background-position":"center center","background-size":"auto","background-attachment":"scroll","background-type":"","background-media":"","overlay-type":"","overlay-color":"","overlay-opacity":"","overlay-gradient":""}},"footnotes":""},"class_list":["post-2896","page","type-page","status-publish","hentry"],"_links":{"self":[{"href":"https:\/\/lbc-kunst.de\/ro\/wp-json\/wp\/v2\/pages\/2896","targetHints":{"allow":["GET"]}}],"collection":[{"href":"https:\/\/lbc-kunst.de\/ro\/wp-json\/wp\/v2\/pages"}],"about":[{"href":"https:\/\/lbc-kunst.de\/ro\/wp-json\/wp\/v2\/types\/page"}],"author":[{"embeddable":true,"href":"https:\/\/lbc-kunst.de\/ro\/wp-json\/wp\/v2\/users\/1"}],"replies":[{"embeddable":true,"href":"https:\/\/lbc-kunst.de\/ro\/wp-json\/wp\/v2\/comments?post=2896"}],"version-history":[{"count":61,"href":"https:\/\/lbc-kunst.de\/ro\/wp-json\/wp\/v2\/pages\/2896\/revisions"}],"predecessor-version":[{"id":2957,"href":"https:\/\/lbc-kunst.de\/ro\/wp-json\/wp\/v2\/pages\/2896\/revisions\/2957"}],"wp:attachment":[{"href":"https:\/\/lbc-kunst.de\/ro\/wp-json\/wp\/v2\/media?parent=2896"}],"curies":[{"name":"wp","href":"https:\/\/api.w.org\/{rel}","templated":true}]}}